{"id":3,"date":"2023-09-20T03:36:22","date_gmt":"2023-09-20T06:36:22","guid":{"rendered":"http:\/\/marciel.pro\/?page_id=3"},"modified":"2025-07-15T17:21:58","modified_gmt":"2025-07-15T20:21:58","slug":"politica-de-privacidade","status":"publish","type":"page","link":"https:\/\/marciel.pro\/index.php\/politica-de-privacidade\/","title":{"rendered":"Pol\u00edtica de privacidade dos apps CCBVirtual PRO, Lite e Plus"},"content":{"rendered":"\n<p><strong>Termos de Uso<\/strong><\/p>\n\n\n\n<p>Para continuar, voc\u00ea deve ler e aceitar os termos de uso deste aplicativo.<\/p>\n\n\n\n<p><strong>Resumo<\/strong><\/p>\n\n\n\n<p>O aplicativo ir\u00e1 solicitar permiss\u00e3o para:<\/p>\n\n\n\n<ul class=\"wp-block-list\">\n<li>Acesso e navega\u00e7\u00e3o \u00e0 Internet via Wi-Fi ou via plano de dados (tarifas da operadora podem ser aplicadas);<\/li>\n\n\n\n<li>Acesso para ler e gravar em mem\u00f3ria interna ou externa do seu dispositivo;<\/li>\n\n\n\n<li>Acesso para alertas e notifica\u00e7\u00f5es do aplicativo;<\/li>\n\n\n\n<li>Armazenamento de configura\u00e7\u00f5es e dados de uso (do aplicativo).<\/li>\n\n\n\n<li>Exibi\u00e7\u00e3o de an\u00fancios durante o uso do aplicativo.<\/li>\n<\/ul>\n\n\n\n<p>O n\u00e3o fornecimento desses acessos pode impossibilitar que este aplicativo funcione corretamente.<\/p>\n\n\n\n<p>Este aplicativo poder\u00e1 solicitar outras permiss\u00f5es como:<\/p>\n\n\n\n<ul class=\"wp-block-list\">\n<li>Acesso a site externo e download de arquivos\/documentos para leitura e armazenamento (dados de tr\u00e1fego da web);<\/li>\n\n\n\n<li>Exibi\u00e7\u00e3o de seu endere\u00e7o de e-mail para o desenvolvedor quando enviado um texto para o suporte;<\/li>\n\n\n\n<li>Resposta \u00e0 sua solicita\u00e7\u00e3o atrav\u00e9s do seu e-mail.<\/li>\n<\/ul>\n\n\n\n<p>Al\u00e9m das informa\u00e7\u00f5es contidas nesta pol\u00edtica de privacidade, este aplicativo pode fornecer ou solicitar informa\u00e7\u00f5es adicionais e contextuais relativas aos servi\u00e7os deste.<\/p>\n\n\n\n<p><\/p>\n\n\n\n<h2 class=\"wp-block-heading\"><strong>Altera\u00e7\u00f5es a esta pol\u00edtica de privacidade<\/strong><\/h2>\n\n\n\n<p><strong>Esta pol\u00edtica de privacidade refere-se exclusivamente a este aplicativo.<\/strong><\/p>\n\n\n\n<p>O desenvolvedor se reserva o direito de fazer altera\u00e7\u00f5es a esta pol\u00edtica de privacidade a qualquer momento dando aviso aos seus usu\u00e1rios atrav\u00e9s da p\u00e1gina <a href=\"https:\/\/marciel.pro\/index.php\/politica-de-privacidade\/\">https:\/\/marciel.pro\/index.php\/politica-de-privacidade\/<\/a>ou atrav\u00e9s do link dispon\u00edvel na p\u00e1gina do aplicativo na Google Play. \u00c9 recomend\u00e1vel verificar esta p\u00e1gina esporadicamente. Se um usu\u00e1rio fizer obje\u00e7\u00e3o a qualquer das altera\u00e7\u00f5es na Pol\u00edtica, o Usu\u00e1rio deve deixar de usar este aplicativo.<\/p>\n\n\n\n<p>Voc\u00ea pode solicitar a exclus\u00e3o de seus dados ou receber mais informa\u00e7\u00f5es atrav\u00e9s do desenvolvedor <a href=\"mailto:contato@marciel.net\">por e-mail<\/a>.<\/p>\n\n\n\n<h2 class=\"wp-block-heading\">Cookie<\/h2>\n\n\n\n<p>Se voc\u00ea tem uma conta e acessa este site, um cookie tempor\u00e1rio ser\u00e1 criado para determinar se seu navegador aceita cookies. Ele n\u00e3o cont\u00e9m nenhum dado pessoal e ser\u00e1 descartado quando voc\u00ea fechar seu navegador.<\/p>\n","protected":false},"excerpt":{"rendered":"<p>Termos de Uso Para continuar, voc\u00ea deve ler e aceitar os termos de uso deste aplicativo. Resumo O aplicativo ir\u00e1 solicitar permiss\u00e3o para: O n\u00e3o fornecimento desses acessos pode impossibilitar que este aplicativo funcione corretamente. Este aplicativo poder\u00e1 solicitar outras permiss\u00f5es como: Al\u00e9m das informa\u00e7\u00f5es contidas nesta pol\u00edtica de privacidade, este aplicativo pode fornecer ou [&hellip;]<\/p>\n","protected":false},"author":1,"featured_media":0,"parent":0,"menu_order":0,"comment_status":"closed","ping_status":"open","template":"","meta":{"footnotes":""},"class_list":["post-3","page","type-page","status-publish","hentry"],"_links":{"self":[{"href":"https:\/\/marciel.pro\/index.php\/wp-json\/wp\/v2\/pages\/3","targetHints":{"allow":["GET"]}}],"collection":[{"href":"https:\/\/marciel.pro\/index.php\/wp-json\/wp\/v2\/pages"}],"about":[{"href":"https:\/\/marciel.pro\/index.php\/wp-json\/wp\/v2\/types\/page"}],"author":[{"embeddable":true,"href":"https:\/\/marciel.pro\/index.php\/wp-json\/wp\/v2\/users\/1"}],"replies":[{"embeddable":true,"href":"https:\/\/marciel.pro\/index.php\/wp-json\/wp\/v2\/comments?post=3"}],"version-history":[{"count":2,"href":"https:\/\/marciel.pro\/index.php\/wp-json\/wp\/v2\/pages\/3\/revisions"}],"predecessor-version":[{"id":59,"href":"https:\/\/marciel.pro\/index.php\/wp-json\/wp\/v2\/pages\/3\/revisions\/59"}],"wp:attachment":[{"href":"https:\/\/marciel.pro\/index.php\/wp-json\/wp\/v2\/media?parent=3"}],"curies":[{"name":"wp","href":"https:\/\/api.w.org\/{rel}","templated":true}]}}